{"id":2,"date":"2016-11-28T09:11:10","date_gmt":"2016-11-28T09:11:10","guid":{"rendered":"http:\/\/formagesting.com\/blog\/?page_id=2"},"modified":"2022-05-16T12:07:55","modified_gmt":"2022-05-16T10:07:55","slug":"acerca-de-formagesting","status":"publish","type":"page","link":"https:\/\/formagesting.com\/blog\/acerca-de-formagesting\/","title":{"rendered":"Sobre nosotros"},"content":{"rendered":"<p><b>Formagesting<\/b> surge de la <b>experiencia<\/b> adquirida a lo largo de m\u00e1s de 20 a\u00f1os en el sector de la formaci\u00f3n, aportando un <b>compromiso<\/b> firme con los proyectos que se llevan a cabo de una manera <b>honesta, transparente<\/b> y con suma <b>confidencialidad<\/b>.<\/p>\n<p>Nos dedicamos al <strong>sector de la formaci\u00f3n<\/strong> tanto presencial como online y a <strong>gestionar<\/strong> los planes de formaci\u00f3n programada por Fundae.<\/p>\n<p>De una <strong>manera cercana<\/strong> y <strong>profesional<\/strong> trabajamos para ayudar a mejorar los resultados de nuestros clientes.<\/p>\n<p>Puedes encontrarnos en las siguientes redes sociales: <a href=\"https:\/\/www.facebook.com\/formagesting\/\"><span style=\"color: #339966;\"><strong>Facebook<\/strong><\/span><\/a>, <a href=\"https:\/\/twitter.com\/formagesting\/\"><span style=\"color: #339966;\"><strong>Twitter<\/strong><\/span><\/a>, <a href=\"https:\/\/www.youtube.com\/channel\/UCIPMtCGknJ8H-z2yhyhIHYw\"><strong><span style=\"color: #339966;\">Youtube<\/span><\/strong><\/a>, <a href=\"https:\/\/www.linkedin.com\/company\/formagesting\"><span style=\"color: #339966;\"><strong>LinkedIn<\/strong><\/span><\/a>. Si necesitas contactar con nosotros, env\u00edanos un email a <strong>info@formagesting.com<\/strong>.<\/p>\n<p>Toda la informaci\u00f3n sobre nuestros servicios la tienes disponible en nuestra web. Accede aqu\u00ed: <a href=\"https:\/\/formagesting.com\/\"><span style=\"color: #339966;\"><strong>Formagesting<\/strong><\/span><\/a>.<\/p>\n<p><img decoding=\"async\" class=\"aligncenter size-full wp-image-1790 lazyload\" data-src=\"https:\/\/formagesting.com\/blog\/wp-content\/uploads\/2022\/05\/premio-emprendimiento-formagesting-2019.jpg\" alt=\"Premio emprendimiento\" width=\"600\" height=\"300\" data-srcset=\"https:\/\/formagesting.com\/blog\/wp-content\/uploads\/2022\/05\/premio-emprendimiento-formagesting-2019.jpg 600w, https:\/\/formagesting.com\/blog\/wp-content\/uploads\/2022\/05\/premio-emprendimiento-formagesting-2019-300x150.jpg 300w\" data-sizes=\"(max-width: 600px) 100vw, 600px\" src=\"data:image\/svg+xml;base64,PHN2ZyB3aWR0aD0iMSIgaGVpZ2h0PSIxIiB4bWxucz0iaHR0cDovL3d3dy53My5vcmcvMjAwMC9zdmciPjwvc3ZnPg==\" style=\"--smush-placeholder-width: 600px; --smush-placeholder-aspect-ratio: 600\/300;\" \/><\/p>\n","protected":false},"excerpt":{"rendered":"<p> <a class=\"more-link\" href=\"https:\/\/formagesting.com\/blog\/acerca-de-formagesting\/\">\/ Leer m\u00e1s &#8230;<\/a><\/p>\n","protected":false},"author":1,"featured_media":161,"parent":0,"menu_order":0,"comment_status":"closed","ping_status":"open","template":"","meta":{"footnotes":""},"class_list":["post-2","page","type-page","status-publish","has-post-thumbnail","hentry"],"yoast_head":"<!-- This site is optimized with the Yoast SEO plugin v27.3 - https:\/\/yoast.com\/product\/yoast-seo-wordpress\/ -->\n<title>Sobre nosotros - El Blog de Formagesting<\/title>\n<meta name=\"description\" content=\"Nos dedicamos al sector de la formaci\u00f3n tanto presencial como online y a gestionar los planes de formaci\u00f3n programada por Fundae.\" \/>\n<meta name=\"robots\" content=\"index, follow, max-snippet:-1, max-image-preview:large, max-video-preview:-1\" \/>\n<link rel=\"canonical\" href=\"https:\/\/formagesting.com\/blog\/acerca-de-formagesting\/\" \/>\n<meta property=\"og:locale\" content=\"es_ES\" \/>\n<meta property=\"og:type\" content=\"article\" \/>\n<meta property=\"og:title\" content=\"Sobre nosotros - El Blog de Formagesting\" \/>\n<meta property=\"og:description\" content=\"Nos dedicamos al sector de la formaci\u00f3n tanto presencial como online y a gestionar los planes de formaci\u00f3n programada por Fundae.\" \/>\n<meta property=\"og:url\" content=\"https:\/\/formagesting.com\/blog\/acerca-de-formagesting\/\" \/>\n<meta property=\"og:site_name\" content=\"El Blog de Formagesting\" \/>\n<meta property=\"article:publisher\" content=\"https:\/\/www.facebook.com\/formagesting\/\" \/>\n<meta property=\"article:modified_time\" content=\"2022-05-16T10:07:55+00:00\" \/>\n<meta property=\"og:image\" content=\"https:\/\/formagesting.com\/blog\/wp-content\/uploads\/2016\/11\/amanecer-2.jpg\" \/>\n\t<meta property=\"og:image:width\" content=\"1500\" \/>\n\t<meta property=\"og:image:height\" content=\"1000\" \/>\n\t<meta property=\"og:image:type\" content=\"image\/jpeg\" \/>\n<meta name=\"twitter:card\" content=\"summary_large_image\" \/>\n<meta name=\"twitter:site\" content=\"@formagesting\" \/>\n<meta name=\"twitter:label1\" content=\"Tiempo de lectura\" \/>\n\t<meta name=\"twitter:data1\" content=\"1 minuto\" \/>\n<script type=\"application\/ld+json\" class=\"yoast-schema-graph\">{\"@context\":\"https:\\\/\\\/schema.org\",\"@graph\":[{\"@type\":\"WebPage\",\"@id\":\"https:\\\/\\\/formagesting.com\\\/blog\\\/acerca-de-formagesting\\\/\",\"url\":\"https:\\\/\\\/formagesting.com\\\/blog\\\/acerca-de-formagesting\\\/\",\"name\":\"Sobre nosotros - El Blog de Formagesting\",\"isPartOf\":{\"@id\":\"https:\\\/\\\/formagesting.com\\\/blog\\\/#website\"},\"primaryImageOfPage\":{\"@id\":\"https:\\\/\\\/formagesting.com\\\/blog\\\/acerca-de-formagesting\\\/#primaryimage\"},\"image\":{\"@id\":\"https:\\\/\\\/formagesting.com\\\/blog\\\/acerca-de-formagesting\\\/#primaryimage\"},\"thumbnailUrl\":\"https:\\\/\\\/formagesting.com\\\/blog\\\/wp-content\\\/uploads\\\/2016\\\/11\\\/amanecer-2.jpg\",\"datePublished\":\"2016-11-28T09:11:10+00:00\",\"dateModified\":\"2022-05-16T10:07:55+00:00\",\"description\":\"Nos dedicamos al sector de la formaci\u00f3n tanto presencial como online y a gestionar los planes de formaci\u00f3n programada por Fundae.\",\"breadcrumb\":{\"@id\":\"https:\\\/\\\/formagesting.com\\\/blog\\\/acerca-de-formagesting\\\/#breadcrumb\"},\"inLanguage\":\"es\",\"potentialAction\":[{\"@type\":\"ReadAction\",\"target\":[\"https:\\\/\\\/formagesting.com\\\/blog\\\/acerca-de-formagesting\\\/\"]}]},{\"@type\":\"ImageObject\",\"inLanguage\":\"es\",\"@id\":\"https:\\\/\\\/formagesting.com\\\/blog\\\/acerca-de-formagesting\\\/#primaryimage\",\"url\":\"https:\\\/\\\/formagesting.com\\\/blog\\\/wp-content\\\/uploads\\\/2016\\\/11\\\/amanecer-2.jpg\",\"contentUrl\":\"https:\\\/\\\/formagesting.com\\\/blog\\\/wp-content\\\/uploads\\\/2016\\\/11\\\/amanecer-2.jpg\",\"width\":1500,\"height\":1000},{\"@type\":\"BreadcrumbList\",\"@id\":\"https:\\\/\\\/formagesting.com\\\/blog\\\/acerca-de-formagesting\\\/#breadcrumb\",\"itemListElement\":[{\"@type\":\"ListItem\",\"position\":1,\"name\":\"Home\",\"item\":\"https:\\\/\\\/formagesting.com\\\/blog\\\/\"},{\"@type\":\"ListItem\",\"position\":2,\"name\":\"Sobre nosotros\"}]},{\"@type\":\"WebSite\",\"@id\":\"https:\\\/\\\/formagesting.com\\\/blog\\\/#website\",\"url\":\"https:\\\/\\\/formagesting.com\\\/blog\\\/\",\"name\":\"El Blog de Formagesting\",\"description\":\"Formaci\u00f3n Empresarial, Gesti\u00f3n por Fundae y Emprendimiento\",\"publisher\":{\"@id\":\"https:\\\/\\\/formagesting.com\\\/blog\\\/#organization\"},\"potentialAction\":[{\"@type\":\"SearchAction\",\"target\":{\"@type\":\"EntryPoint\",\"urlTemplate\":\"https:\\\/\\\/formagesting.com\\\/blog\\\/?s={search_term_string}\"},\"query-input\":{\"@type\":\"PropertyValueSpecification\",\"valueRequired\":true,\"valueName\":\"search_term_string\"}}],\"inLanguage\":\"es\"},{\"@type\":\"Organization\",\"@id\":\"https:\\\/\\\/formagesting.com\\\/blog\\\/#organization\",\"name\":\"Formagesting\",\"url\":\"https:\\\/\\\/formagesting.com\\\/blog\\\/\",\"logo\":{\"@type\":\"ImageObject\",\"inLanguage\":\"es\",\"@id\":\"https:\\\/\\\/formagesting.com\\\/blog\\\/#\\\/schema\\\/logo\\\/image\\\/\",\"url\":\"https:\\\/\\\/i0.wp.com\\\/formagesting.com\\\/blog\\\/wp-content\\\/uploads\\\/2021\\\/06\\\/logo-membrete-rectangular.jpg?fit=2000%2C1000&ssl=1\",\"contentUrl\":\"https:\\\/\\\/i0.wp.com\\\/formagesting.com\\\/blog\\\/wp-content\\\/uploads\\\/2021\\\/06\\\/logo-membrete-rectangular.jpg?fit=2000%2C1000&ssl=1\",\"width\":2000,\"height\":1000,\"caption\":\"Formagesting\"},\"image\":{\"@id\":\"https:\\\/\\\/formagesting.com\\\/blog\\\/#\\\/schema\\\/logo\\\/image\\\/\"},\"sameAs\":[\"https:\\\/\\\/www.facebook.com\\\/formagesting\\\/\",\"https:\\\/\\\/x.com\\\/formagesting\",\"https:\\\/\\\/www.instagram.com\\\/formagesting\\\/?hl=es\",\"https:\\\/\\\/www.linkedin.com\\\/company\\\/formagesting\",\"https:\\\/\\\/www.youtube.com\\\/channel\\\/UCIPMtCGknJ8H-z2yhyhIHYw\"]}]}<\/script>\n<!-- \/ Yoast SEO plugin. -->","yoast_head_json":{"title":"Sobre nosotros - El Blog de Formagesting","description":"Nos dedicamos al sector de la formaci\u00f3n tanto presencial como online y a gestionar los planes de formaci\u00f3n programada por Fundae.","robots":{"index":"index","follow":"follow","max-snippet":"max-snippet:-1","max-image-preview":"max-image-preview:large","max-video-preview":"max-video-preview:-1"},"canonical":"https:\/\/formagesting.com\/blog\/acerca-de-formagesting\/","og_locale":"es_ES","og_type":"article","og_title":"Sobre nosotros - El Blog de Formagesting","og_description":"Nos dedicamos al sector de la formaci\u00f3n tanto presencial como online y a gestionar los planes de formaci\u00f3n programada por Fundae.","og_url":"https:\/\/formagesting.com\/blog\/acerca-de-formagesting\/","og_site_name":"El Blog de Formagesting","article_publisher":"https:\/\/www.facebook.com\/formagesting\/","article_modified_time":"2022-05-16T10:07:55+00:00","og_image":[{"width":1500,"height":1000,"url":"https:\/\/formagesting.com\/blog\/wp-content\/uploads\/2016\/11\/amanecer-2.jpg","type":"image\/jpeg"}],"twitter_card":"summary_large_image","twitter_site":"@formagesting","twitter_misc":{"Tiempo de lectura":"1 minuto"},"schema":{"@context":"https:\/\/schema.org","@graph":[{"@type":"WebPage","@id":"https:\/\/formagesting.com\/blog\/acerca-de-formagesting\/","url":"https:\/\/formagesting.com\/blog\/acerca-de-formagesting\/","name":"Sobre nosotros - El Blog de Formagesting","isPartOf":{"@id":"https:\/\/formagesting.com\/blog\/#website"},"primaryImageOfPage":{"@id":"https:\/\/formagesting.com\/blog\/acerca-de-formagesting\/#primaryimage"},"image":{"@id":"https:\/\/formagesting.com\/blog\/acerca-de-formagesting\/#primaryimage"},"thumbnailUrl":"https:\/\/formagesting.com\/blog\/wp-content\/uploads\/2016\/11\/amanecer-2.jpg","datePublished":"2016-11-28T09:11:10+00:00","dateModified":"2022-05-16T10:07:55+00:00","description":"Nos dedicamos al sector de la formaci\u00f3n tanto presencial como online y a gestionar los planes de formaci\u00f3n programada por Fundae.","breadcrumb":{"@id":"https:\/\/formagesting.com\/blog\/acerca-de-formagesting\/#breadcrumb"},"inLanguage":"es","potentialAction":[{"@type":"ReadAction","target":["https:\/\/formagesting.com\/blog\/acerca-de-formagesting\/"]}]},{"@type":"ImageObject","inLanguage":"es","@id":"https:\/\/formagesting.com\/blog\/acerca-de-formagesting\/#primaryimage","url":"https:\/\/formagesting.com\/blog\/wp-content\/uploads\/2016\/11\/amanecer-2.jpg","contentUrl":"https:\/\/formagesting.com\/blog\/wp-content\/uploads\/2016\/11\/amanecer-2.jpg","width":1500,"height":1000},{"@type":"BreadcrumbList","@id":"https:\/\/formagesting.com\/blog\/acerca-de-formagesting\/#breadcrumb","itemListElement":[{"@type":"ListItem","position":1,"name":"Home","item":"https:\/\/formagesting.com\/blog\/"},{"@type":"ListItem","position":2,"name":"Sobre nosotros"}]},{"@type":"WebSite","@id":"https:\/\/formagesting.com\/blog\/#website","url":"https:\/\/formagesting.com\/blog\/","name":"El Blog de Formagesting","description":"Formaci\u00f3n Empresarial, Gesti\u00f3n por Fundae y Emprendimiento","publisher":{"@id":"https:\/\/formagesting.com\/blog\/#organization"},"potentialAction":[{"@type":"SearchAction","target":{"@type":"EntryPoint","urlTemplate":"https:\/\/formagesting.com\/blog\/?s={search_term_string}"},"query-input":{"@type":"PropertyValueSpecification","valueRequired":true,"valueName":"search_term_string"}}],"inLanguage":"es"},{"@type":"Organization","@id":"https:\/\/formagesting.com\/blog\/#organization","name":"Formagesting","url":"https:\/\/formagesting.com\/blog\/","logo":{"@type":"ImageObject","inLanguage":"es","@id":"https:\/\/formagesting.com\/blog\/#\/schema\/logo\/image\/","url":"https:\/\/i0.wp.com\/formagesting.com\/blog\/wp-content\/uploads\/2021\/06\/logo-membrete-rectangular.jpg?fit=2000%2C1000&ssl=1","contentUrl":"https:\/\/i0.wp.com\/formagesting.com\/blog\/wp-content\/uploads\/2021\/06\/logo-membrete-rectangular.jpg?fit=2000%2C1000&ssl=1","width":2000,"height":1000,"caption":"Formagesting"},"image":{"@id":"https:\/\/formagesting.com\/blog\/#\/schema\/logo\/image\/"},"sameAs":["https:\/\/www.facebook.com\/formagesting\/","https:\/\/x.com\/formagesting","https:\/\/www.instagram.com\/formagesting\/?hl=es","https:\/\/www.linkedin.com\/company\/formagesting","https:\/\/www.youtube.com\/channel\/UCIPMtCGknJ8H-z2yhyhIHYw"]}]}},"_links":{"self":[{"href":"https:\/\/formagesting.com\/blog\/wp-json\/wp\/v2\/pages\/2","targetHints":{"allow":["GET"]}}],"collection":[{"href":"https:\/\/formagesting.com\/blog\/wp-json\/wp\/v2\/pages"}],"about":[{"href":"https:\/\/formagesting.com\/blog\/wp-json\/wp\/v2\/types\/page"}],"author":[{"embeddable":true,"href":"https:\/\/formagesting.com\/blog\/wp-json\/wp\/v2\/users\/1"}],"replies":[{"embeddable":true,"href":"https:\/\/formagesting.com\/blog\/wp-json\/wp\/v2\/comments?post=2"}],"version-history":[{"count":13,"href":"https:\/\/formagesting.com\/blog\/wp-json\/wp\/v2\/pages\/2\/revisions"}],"predecessor-version":[{"id":1791,"href":"https:\/\/formagesting.com\/blog\/wp-json\/wp\/v2\/pages\/2\/revisions\/1791"}],"wp:featuredmedia":[{"embeddable":true,"href":"https:\/\/formagesting.com\/blog\/wp-json\/wp\/v2\/media\/161"}],"wp:attachment":[{"href":"https:\/\/formagesting.com\/blog\/wp-json\/wp\/v2\/media?parent=2"}],"curies":[{"name":"wp","href":"https:\/\/api.w.org\/{rel}","templated":true}]}}