{"id":950,"date":"2018-05-31T20:20:45","date_gmt":"2018-05-31T18:20:45","guid":{"rendered":"https:\/\/formagesting.com\/blog\/?page_id=950"},"modified":"2023-02-12T13:53:56","modified_gmt":"2023-02-12T12:53:56","slug":"politica-de-privacidad","status":"publish","type":"page","link":"https:\/\/formagesting.com\/blog\/politica-de-privacidad\/","title":{"rendered":"Pol\u00edtica de Privacidad"},"content":{"rendered":"<section>\n<h4>Responsable del Tratamiento.<\/h4>\n<p class=\"no-indent\">Identidad: Susana Cabeza Santana.<br \/>\nNIF: 02650360R<br \/>\nDirecci\u00f3n: Avenida de Lisboa 15 4\u00baB, 28822 Coslada (Madrid).<br \/>\nTel\u00e9fono: 722 164 372<br \/>\nCorreo electr\u00f3nico: info@formagesting.com<\/p>\n<h4>Finalidad del tratamiento de los datos y conservaci\u00f3n.<\/h4>\n<p>La informaci\u00f3n que nos facilitas va a servir para la gesti\u00f3n de cualquier tipo de consulta que hagas a Formagesting. Te enviaremos comunicaciones e informaci\u00f3n relativa a formaci\u00f3n (cursos, seminarios, sesiones informativas&#8230;), subvenciones, social media, promociones y temas de actualidad que creemos que pueden ser de tu inter\u00e9s a trav\u00e9s de nuestro blog.<\/p>\n<p>En cualquier momento podr\u00e1s revocar el consentimiento que nos est\u00e1s otorgando.<\/p>\n<p>Los datos que nos est\u00e1s facilitando se conservar\u00e1n hasta que te des de baja (en cualquier momento).<\/p>\n<h4>Legitimaci\u00f3n para el tratamiento de los datos.<\/h4>\n<p>La base legal para el tratamiento de tus datos es el consentimiento que nos facilitas.<\/p>\n<h4>Destinatarios de tus datos.<\/h4>\n<p>Tus datos no se facilitan a terceros, se tratan con estricta confidencialidad, para fines administrativos internos y conforme a las medidas de seguridad de la normativa vigente.<\/p>\n<h4>\u00bfCu\u00e1les son tus derechos?<\/h4>\n<p>Como persona titular de los datos tratados por Formagesting <strong>tienes derecho en todo momento a acceder a tus datos, rectificarlos, oponerte a su tratamiento o suprimirlos<\/strong>. Adem\u00e1s, si lo deseas, podr\u00e1s solicitar la portabilidad de tus datos y limitaci\u00f3n de su tratamiento, en cuyo caso \u00fanicamente los conservaremos para el ejercicio o la defensa de reclamaciones. As\u00ed mismo <strong>podr\u00e1s revocar el consentimiento otorgado en cualquier momento<\/strong>.<br \/>\nPara ejercer dichos derechos podr\u00e1s ponerte en contacto con nosotros a trav\u00e9s del correo electr\u00f3nico <span style=\"color: #0000ff;\"><a style=\"color: #0000ff;\" href=\"mailto:info@formagesting.com\">info@formagesting.com<\/a><\/span> adjuntando copia del DNI o documento an\u00e1logo. As\u00ed mismo, en caso de no estar satisfecho con la respuesta al ejercicio de tus derechos, podr\u00e1s presentar una reclamaci\u00f3n ante la Agencia Espa\u00f1ola de Protecci\u00f3n de datos a trav\u00e9s de su sede electr\u00f3nica en <span style=\"color: #0000ff;\"><a style=\"color: #0000ff;\" href=\"http:\/\/www.aepd.es\">www.aepd.es<\/a>.<\/span><\/p>\n<\/section>\n","protected":false},"excerpt":{"rendered":"<p> <a class=\"more-link\" href=\"https:\/\/formagesting.com\/blog\/politica-de-privacidad\/\">\/ Leer m\u00e1s &#8230;<\/a><\/p>\n","protected":false},"author":1,"featured_media":0,"parent":0,"menu_order":0,"comment_status":"closed","ping_status":"closed","template":"","meta":{"footnotes":""},"class_list":["post-950","page","type-page","status-publish","hentry"],"yoast_head":"<!-- This site is optimized with the Yoast SEO plugin v27.3 - https:\/\/yoast.com\/product\/yoast-seo-wordpress\/ -->\n<title>Pol\u00edtica de Privacidad - El Blog de Formagesting<\/title>\n<meta name=\"robots\" content=\"index, follow, max-snippet:-1, max-image-preview:large, max-video-preview:-1\" \/>\n<link rel=\"canonical\" href=\"https:\/\/formagesting.com\/blog\/politica-de-privacidad\/\" \/>\n<meta property=\"og:locale\" content=\"es_ES\" \/>\n<meta property=\"og:type\" content=\"article\" \/>\n<meta property=\"og:title\" content=\"Pol\u00edtica de Privacidad - El Blog de Formagesting\" \/>\n<meta property=\"og:description\" content=\"\/ Leer m\u00e1s ...\" \/>\n<meta property=\"og:url\" content=\"https:\/\/formagesting.com\/blog\/politica-de-privacidad\/\" \/>\n<meta property=\"og:site_name\" content=\"El Blog de Formagesting\" \/>\n<meta property=\"article:publisher\" content=\"https:\/\/www.facebook.com\/formagesting\/\" \/>\n<meta property=\"article:modified_time\" content=\"2023-02-12T12:53:56+00:00\" \/>\n<meta property=\"og:image\" content=\"https:\/\/formagesting.com\/blog\/wp-content\/uploads\/2021\/06\/logo-membrete-rectangular.jpg\" \/>\n\t<meta property=\"og:image:width\" content=\"2000\" \/>\n\t<meta property=\"og:image:height\" content=\"1000\" \/>\n\t<meta property=\"og:image:type\" content=\"image\/jpeg\" \/>\n<meta name=\"twitter:card\" content=\"summary_large_image\" \/>\n<meta name=\"twitter:site\" content=\"@formagesting\" \/>\n<meta name=\"twitter:label1\" content=\"Tiempo de lectura\" \/>\n\t<meta name=\"twitter:data1\" content=\"2 minutos\" \/>\n<script type=\"application\/ld+json\" class=\"yoast-schema-graph\">{\"@context\":\"https:\\\/\\\/schema.org\",\"@graph\":[{\"@type\":\"WebPage\",\"@id\":\"https:\\\/\\\/formagesting.com\\\/blog\\\/politica-de-privacidad\\\/\",\"url\":\"https:\\\/\\\/formagesting.com\\\/blog\\\/politica-de-privacidad\\\/\",\"name\":\"Pol\u00edtica de Privacidad - El Blog de Formagesting\",\"isPartOf\":{\"@id\":\"https:\\\/\\\/formagesting.com\\\/blog\\\/#website\"},\"datePublished\":\"2018-05-31T18:20:45+00:00\",\"dateModified\":\"2023-02-12T12:53:56+00:00\",\"breadcrumb\":{\"@id\":\"https:\\\/\\\/formagesting.com\\\/blog\\\/politica-de-privacidad\\\/#breadcrumb\"},\"inLanguage\":\"es\",\"potentialAction\":[{\"@type\":\"ReadAction\",\"target\":[\"https:\\\/\\\/formagesting.com\\\/blog\\\/politica-de-privacidad\\\/\"]}]},{\"@type\":\"BreadcrumbList\",\"@id\":\"https:\\\/\\\/formagesting.com\\\/blog\\\/politica-de-privacidad\\\/#breadcrumb\",\"itemListElement\":[{\"@type\":\"ListItem\",\"position\":1,\"name\":\"Home\",\"item\":\"https:\\\/\\\/formagesting.com\\\/blog\\\/\"},{\"@type\":\"ListItem\",\"position\":2,\"name\":\"Pol\u00edtica de Privacidad\"}]},{\"@type\":\"WebSite\",\"@id\":\"https:\\\/\\\/formagesting.com\\\/blog\\\/#website\",\"url\":\"https:\\\/\\\/formagesting.com\\\/blog\\\/\",\"name\":\"El Blog de Formagesting\",\"description\":\"Formaci\u00f3n Empresarial, Gesti\u00f3n por Fundae y Emprendimiento\",\"publisher\":{\"@id\":\"https:\\\/\\\/formagesting.com\\\/blog\\\/#organization\"},\"potentialAction\":[{\"@type\":\"SearchAction\",\"target\":{\"@type\":\"EntryPoint\",\"urlTemplate\":\"https:\\\/\\\/formagesting.com\\\/blog\\\/?s={search_term_string}\"},\"query-input\":{\"@type\":\"PropertyValueSpecification\",\"valueRequired\":true,\"valueName\":\"search_term_string\"}}],\"inLanguage\":\"es\"},{\"@type\":\"Organization\",\"@id\":\"https:\\\/\\\/formagesting.com\\\/blog\\\/#organization\",\"name\":\"Formagesting\",\"url\":\"https:\\\/\\\/formagesting.com\\\/blog\\\/\",\"logo\":{\"@type\":\"ImageObject\",\"inLanguage\":\"es\",\"@id\":\"https:\\\/\\\/formagesting.com\\\/blog\\\/#\\\/schema\\\/logo\\\/image\\\/\",\"url\":\"https:\\\/\\\/i0.wp.com\\\/formagesting.com\\\/blog\\\/wp-content\\\/uploads\\\/2021\\\/06\\\/logo-membrete-rectangular.jpg?fit=2000%2C1000&ssl=1\",\"contentUrl\":\"https:\\\/\\\/i0.wp.com\\\/formagesting.com\\\/blog\\\/wp-content\\\/uploads\\\/2021\\\/06\\\/logo-membrete-rectangular.jpg?fit=2000%2C1000&ssl=1\",\"width\":2000,\"height\":1000,\"caption\":\"Formagesting\"},\"image\":{\"@id\":\"https:\\\/\\\/formagesting.com\\\/blog\\\/#\\\/schema\\\/logo\\\/image\\\/\"},\"sameAs\":[\"https:\\\/\\\/www.facebook.com\\\/formagesting\\\/\",\"https:\\\/\\\/x.com\\\/formagesting\",\"https:\\\/\\\/www.instagram.com\\\/formagesting\\\/?hl=es\",\"https:\\\/\\\/www.linkedin.com\\\/company\\\/formagesting\",\"https:\\\/\\\/www.youtube.com\\\/channel\\\/UCIPMtCGknJ8H-z2yhyhIHYw\"]}]}<\/script>\n<!-- \/ Yoast SEO plugin. -->","yoast_head_json":{"title":"Pol\u00edtica de Privacidad - El Blog de Formagesting","robots":{"index":"index","follow":"follow","max-snippet":"max-snippet:-1","max-image-preview":"max-image-preview:large","max-video-preview":"max-video-preview:-1"},"canonical":"https:\/\/formagesting.com\/blog\/politica-de-privacidad\/","og_locale":"es_ES","og_type":"article","og_title":"Pol\u00edtica de Privacidad - El Blog de Formagesting","og_description":"\/ Leer m\u00e1s ...","og_url":"https:\/\/formagesting.com\/blog\/politica-de-privacidad\/","og_site_name":"El Blog de Formagesting","article_publisher":"https:\/\/www.facebook.com\/formagesting\/","article_modified_time":"2023-02-12T12:53:56+00:00","og_image":[{"width":2000,"height":1000,"url":"https:\/\/formagesting.com\/blog\/wp-content\/uploads\/2021\/06\/logo-membrete-rectangular.jpg","type":"image\/jpeg"}],"twitter_card":"summary_large_image","twitter_site":"@formagesting","twitter_misc":{"Tiempo de lectura":"2 minutos"},"schema":{"@context":"https:\/\/schema.org","@graph":[{"@type":"WebPage","@id":"https:\/\/formagesting.com\/blog\/politica-de-privacidad\/","url":"https:\/\/formagesting.com\/blog\/politica-de-privacidad\/","name":"Pol\u00edtica de Privacidad - El Blog de Formagesting","isPartOf":{"@id":"https:\/\/formagesting.com\/blog\/#website"},"datePublished":"2018-05-31T18:20:45+00:00","dateModified":"2023-02-12T12:53:56+00:00","breadcrumb":{"@id":"https:\/\/formagesting.com\/blog\/politica-de-privacidad\/#breadcrumb"},"inLanguage":"es","potentialAction":[{"@type":"ReadAction","target":["https:\/\/formagesting.com\/blog\/politica-de-privacidad\/"]}]},{"@type":"BreadcrumbList","@id":"https:\/\/formagesting.com\/blog\/politica-de-privacidad\/#breadcrumb","itemListElement":[{"@type":"ListItem","position":1,"name":"Home","item":"https:\/\/formagesting.com\/blog\/"},{"@type":"ListItem","position":2,"name":"Pol\u00edtica de Privacidad"}]},{"@type":"WebSite","@id":"https:\/\/formagesting.com\/blog\/#website","url":"https:\/\/formagesting.com\/blog\/","name":"El Blog de Formagesting","description":"Formaci\u00f3n Empresarial, Gesti\u00f3n por Fundae y Emprendimiento","publisher":{"@id":"https:\/\/formagesting.com\/blog\/#organization"},"potentialAction":[{"@type":"SearchAction","target":{"@type":"EntryPoint","urlTemplate":"https:\/\/formagesting.com\/blog\/?s={search_term_string}"},"query-input":{"@type":"PropertyValueSpecification","valueRequired":true,"valueName":"search_term_string"}}],"inLanguage":"es"},{"@type":"Organization","@id":"https:\/\/formagesting.com\/blog\/#organization","name":"Formagesting","url":"https:\/\/formagesting.com\/blog\/","logo":{"@type":"ImageObject","inLanguage":"es","@id":"https:\/\/formagesting.com\/blog\/#\/schema\/logo\/image\/","url":"https:\/\/i0.wp.com\/formagesting.com\/blog\/wp-content\/uploads\/2021\/06\/logo-membrete-rectangular.jpg?fit=2000%2C1000&ssl=1","contentUrl":"https:\/\/i0.wp.com\/formagesting.com\/blog\/wp-content\/uploads\/2021\/06\/logo-membrete-rectangular.jpg?fit=2000%2C1000&ssl=1","width":2000,"height":1000,"caption":"Formagesting"},"image":{"@id":"https:\/\/formagesting.com\/blog\/#\/schema\/logo\/image\/"},"sameAs":["https:\/\/www.facebook.com\/formagesting\/","https:\/\/x.com\/formagesting","https:\/\/www.instagram.com\/formagesting\/?hl=es","https:\/\/www.linkedin.com\/company\/formagesting","https:\/\/www.youtube.com\/channel\/UCIPMtCGknJ8H-z2yhyhIHYw"]}]}},"_links":{"self":[{"href":"https:\/\/formagesting.com\/blog\/wp-json\/wp\/v2\/pages\/950","targetHints":{"allow":["GET"]}}],"collection":[{"href":"https:\/\/formagesting.com\/blog\/wp-json\/wp\/v2\/pages"}],"about":[{"href":"https:\/\/formagesting.com\/blog\/wp-json\/wp\/v2\/types\/page"}],"author":[{"embeddable":true,"href":"https:\/\/formagesting.com\/blog\/wp-json\/wp\/v2\/users\/1"}],"replies":[{"embeddable":true,"href":"https:\/\/formagesting.com\/blog\/wp-json\/wp\/v2\/comments?post=950"}],"version-history":[{"count":2,"href":"https:\/\/formagesting.com\/blog\/wp-json\/wp\/v2\/pages\/950\/revisions"}],"predecessor-version":[{"id":953,"href":"https:\/\/formagesting.com\/blog\/wp-json\/wp\/v2\/pages\/950\/revisions\/953"}],"wp:attachment":[{"href":"https:\/\/formagesting.com\/blog\/wp-json\/wp\/v2\/media?parent=950"}],"curies":[{"name":"wp","href":"https:\/\/api.w.org\/{rel}","templated":true}]}}